{"id":41,"date":"2025-11-07T18:49:49","date_gmt":"2025-11-07T18:49:49","guid":{"rendered":"https:\/\/montagearbeiten-eschweiler.de\/about\/"},"modified":"2026-01-04T12:56:12","modified_gmt":"2026-01-04T12:56:12","slug":"ueber-uns","status":"publish","type":"page","link":"https:\/\/monteurwohnungen-krings.de\/en\/ueber-uns\/","title":{"rendered":"\u00dcber Uns"},"content":{"rendered":"<div class=\"mphb_sc_search-wrapper is-style-horizontal-form\">\n<form method=\"GET\" class=\"mphb_sc_search-form\" action=\"https:\/\/monteurwohnungen-krings.de\/en\/suchergebnisse\/\" data-first_available_check_in_date=\"2026-05-02\">\n\n\t<p class = \"mphb-required-fields-tip\">\n\t<small>\n\t\tRequired fields are followed by\t\t<abbr title=\"required\">*<\/abbr>\n\t<\/small>\n<\/p>\n\n\t<p class=\"mphb_sc_search-check-in-date\">\n\t\t<label for=\"mphb_check_in_date-mphb-search-form-69f4d78fd4472\">\n\t\t\tCheck-in\t\t\t<abbr title=\"Formatted as dd\/mm\/yyyy\">*<\/abbr>\n\t\t<\/label>\n\t\t<br \/>\n\t\t<input\n\t\t\tid=\"mphb_check_in_date-mphb-search-form-69f4d78fd4472\"\n\t\t\tdata-datepick-group=\"mphb-search-form-69f4d78fd4472\"\n\t\t\tvalue=\"\"\n\t\t\tplaceholder=\"Check-in Date\"\n\t\t\trequired=\"required\"\n\t\t\ttype=\"text\"\n\t\t\tinputmode=\"none\"\n\t\t\tname=\"mphb_check_in_date\"\n\t\t\tclass=\"mphb-datepick\"\n\t\t\tautocomplete=\"off\"\n\t\t\t\/>\n\t<\/p>\n\n\t<p class=\"mphb_sc_search-check-out-date\">\n\t\t<label for=\"mphb_check_out_date-mphb-search-form-69f4d78fd4472\">\n\t\t\tCheck-out\t\t\t<abbr title=\"Formatted as dd\/mm\/yyyy\">*<\/abbr>\n\t\t<\/label>\n\t\t<br \/>\n\t\t<input\n\t\t\tid=\"mphb_check_out_date-mphb-search-form-69f4d78fd4472\"\n\t\t\tdata-datepick-group=\"mphb-search-form-69f4d78fd4472\"\n\t\t\tvalue=\"\"\n\t\t\tplaceholder=\"Check-out Date\"\n\t\t\trequired=\"required\"\n\t\t\ttype=\"text\"\n\t\t\tinputmode=\"none\"\n\t\t\tname=\"mphb_check_out_date\"\n\t\t\tclass=\"mphb-datepick\"\n\t\t\tautocomplete=\"off\"\n\t\t\t\/>\n\t<\/p>\n\n\t\t\t<p class=\"mphb_sc_search-adults\">\n\t\t\t<label for=\"mphb_adults-mphb-search-form-69f4d78fd4472\">\n\t\t\t\tGuests\t\t\t<\/label>\n\t\t\t<br \/>\n\t\t\t<select id=\"mphb_adults-mphb-search-form-69f4d78fd4472\" name=\"mphb_adults\" >\n\t\t\t\t\t\t\t\t\t<option value=\"1\"  selected='selected'>1<\/option>\n\t\t\t\t\t\t\t\t\t<option value=\"2\" >2<\/option>\n\t\t\t\t\t\t\t\t\t<option value=\"3\" >3<\/option>\n\t\t\t\t\t\t\t\t\t<option value=\"4\" >4<\/option>\n\t\t\t\t\t\t\t\t\t<option value=\"5\" >5<\/option>\n\t\t\t\t\t\t\t\t\t<option value=\"6\" >6<\/option>\n\t\t\t\t\t\t\t\t\t<option value=\"7\" >7<\/option>\n\t\t\t\t\t\t\t\t\t<option value=\"8\" >8<\/option>\n\t\t\t\t\t\t\t\t\t<option value=\"9\" >9<\/option>\n\t\t\t\t\t\t\t\t\t<option value=\"10\" >10<\/option>\n\t\t\t\t\t\t\t\t\t<option value=\"11\" >11<\/option>\n\t\t\t\t\t\t\t\t\t<option value=\"12\" >12<\/option>\n\t\t\t\t\t\t\t\t\t<option value=\"13\" >13<\/option>\n\t\t\t\t\t\t\t\t\t<option value=\"14\" >14<\/option>\n\t\t\t\t\t\t\t\t\t<option value=\"15\" >15<\/option>\n\t\t\t\t\t\t\t\t\t<option value=\"16\" >16<\/option>\n\t\t\t\t\t\t\t\t\t<option value=\"17\" >17<\/option>\n\t\t\t\t\t\t\t\t\t<option value=\"18\" >18<\/option>\n\t\t\t\t\t\t\t\t\t<option value=\"19\" >19<\/option>\n\t\t\t\t\t\t\t\t\t<option value=\"20\" >20<\/option>\n\t\t\t\t\t\t\t<\/select>\n\t\t<\/p>\n\t\n\t\t\t<input type=\"hidden\" id=\"mphb_children-mphb-search-form-69f4d78fd4472\" name=\"mphb_children\" value=\"0\" \/>\n\t\n\t\n\t\t\t<p class=\"mphb_sc_search-standort\">\n\t\t\t<label for=\"mphb_standort-mphb-search-form-69f4d78fd4472\">\n\t\t\t\tStandort\t\t\t<\/label>\n\t\t\t<br \/>\n\t\t\t<select id=\"mphb_standort-mphb-search-form-69f4d78fd4472\" name=\"mphb_attributes[standort]\">\n\t\t\t\t<option value=\"\">\u2014<\/option>\n\t\t\t\t\t\t\t\t\t<option value=\"33\">Haus Baptistastrasse<\/option>\n\t\t\t\t\t\t\t\t\t<option value=\"34\">Haus Steinb\u00fcschel<\/option>\n\t\t\t\t\t\t\t<\/select>\n\t\t<\/p>\n\t\n\t<input id=\"mphb_check_in_date-mphb-search-form-69f4d78fd4472-hidden\" value=\"\" type=\"hidden\" name=\"mphb_check_in_date\" \/><input id=\"mphb_check_out_date-mphb-search-form-69f4d78fd4472-hidden\" value=\"\" type=\"hidden\" name=\"mphb_check_out_date\" \/>\n\t<p class=\"mphb_sc_search-submit-button-wrapper\">\n\t\t<input type=\"submit\" class=\"button\" value=\"Search\"\/>\n\t<\/p>\n\n\t\n<\/form>\n<\/div>\n\n\n<div class=\"wp-block-uagb-container uagb-block-1736da99 alignfull uagb-is-root-container\"><div class=\"uagb-container-inner-blocks-wrap\">\n<p><strong>                                          Rufen Sie uns gerne an f\u00fcr Ihre Zimmerreservierung !<\/strong><\/p>\n\n\n\n<p><strong>+49 1783536380 ( 8-20 Uhr erreichbar )<\/strong><\/p>\n\n\n\n<p><strong>Oder schreiben Sie uns \u00fcber Whatsapp<\/strong><\/p>\n\n\n\n<div class=\"wp-block-jetpack-send-a-message\">\n<div class=\"wp-block-jetpack-whatsapp-button is-color-dark\"><a class=\"whatsapp-block__button\" href=\"https:\/\/api.whatsapp.com\/send?phone=491783536380&amp;text=Hallo%2C%20ich%20habe%20Ihre%20WhatsApp-Nummer%20von%20Ihrer%20Website.\" style=\"background-color:#25D366;color:#fff\" target=\"_blank\" rel=\"noopener noreferrer\">Chat in WhatsApp<\/a><\/div>\n<\/div>\n\n\n\n<p><strong>Email : info@mw-krings.de<\/strong><\/p>\n<\/div><\/div>\n\n\n\n<div class=\"wp-block-uagb-container uagb-block-6dfcf666 alignfull uagb-is-root-container\"><div class=\"uagb-container-inner-blocks-wrap\">\n<div class=\"wp-block-uagb-advanced-heading uagb-block-9d51af2e\"><h2 class=\"uagb-heading-text\">Ihre ideale Unterkunft in Eschweiler<\/h2><p class=\"uagb-desc-text\">Wir bieten komfortable und bezahlbare Unterk\u00fcnfte f\u00fcr Monteure und Reisende. Unsere voll ausgestatteten Wohnungen sind ideal f\u00fcr l\u00e4ngere Aufenthalte. <\/p><\/div>\n\n\n\n<div class=\"wp-block-uagb-image aligncenter uagb-block-b9a705d7 wp-block-uagb-image--layout-default wp-block-uagb-image--effect-static wp-block-uagb-image--align-center\"><figure class=\"wp-block-uagb-image__figure\"><img data-recalc-dims=\"1\" decoding=\"async\" srcset=\"https:\/\/monteurwohnungen-krings.de\/wp-content\/uploads\/2025\/11\/cropped-DSC_0136-2-Bett-neu.jpg ,https:\/\/monteurwohnungen-krings.de\/wp-content\/uploads\/2025\/11\/cropped-DSC_0136-2-Bett-neu.jpg 780w, https:\/\/monteurwohnungen-krings.de\/wp-content\/uploads\/2025\/11\/cropped-DSC_0136-2-Bett-neu.jpg 360w\" sizes=\"auto, (max-width: 480px) 150px\" src=\"https:\/\/i0.wp.com\/monteurwohnungen-krings.de\/wp-content\/uploads\/2025\/11\/cropped-DSC_0136-2-Bett-neu.jpg?resize=1200%2C450&#038;ssl=1\" alt=\"dsc 0136 2 bett neu\" class=\"uag-image-821\" width=\"1200\" height=\"450\" title=\"dsc 0136 2 bett neu\" loading=\"lazy\" role=\"img\"\/><\/figure><\/div>\n<\/div><\/div>\n\n\n\n<div class=\"wp-block-uagb-container uagb-block-2edf5ccf alignfull uagb-is-root-container\"><div class=\"uagb-container-inner-blocks-wrap\">\n<div class=\"wp-block-uagb-advanced-heading uagb-block-2ba7c3cc\"><h2 class=\"uagb-heading-text\">Unsere Werte<\/h2><p class=\"uagb-desc-text\">Qualit\u00e4t, Komfort und Gastfreundschaft stehen bei uns an erster Stelle. Wir verpflichten uns, Ihnen die besten Erfahrungen zu bieten.<\/p><\/div>\n\n\n\n<div class=\"wp-block-uagb-container uagb-block-5d6e2dff\">\n<div class=\"wp-block-uagb-container uagb-block-bfe12ce2\">\n<div class=\"wp-block-uagb-info-box uagb-block-5e7063be uagb-infobox__content-wrap  uagb-infobox-icon-above-title uagb-infobox-image-valign-top\"><div class=\"uagb-ifb-content\"><div class=\"uagb-ifb-icon-wrap\"><div class=\"uagb-iconbox-icon-wrap uagb-infobox-shape-circle\"><svg xmlns=\"https:\/\/www.w3.org\/2000\/svg\" viewBox=\"0 0 576 512\"><path d=\"M384 160C366.3 160 352 145.7 352 128C352 110.3 366.3 96 384 96H544C561.7 96 576 110.3 576 128V288C576 305.7 561.7 320 544 320C526.3 320 512 305.7 512 288V205.3L342.6 374.6C330.1 387.1 309.9 387.1 297.4 374.6L191.1 269.3L54.63 406.6C42.13 419.1 21.87 419.1 9.372 406.6C-3.124 394.1-3.124 373.9 9.372 361.4L169.4 201.4C181.9 188.9 202.1 188.9 214.6 201.4L320 306.7L466.7 159.1L384 160z\"><\/path><\/svg><\/div><\/div><div class=\"uagb-ifb-title-wrap\"><h3 class=\"uagb-ifb-title\">Sauberkeit<\/h3><\/div><p class=\"uagb-ifb-desc\">Wir legen gro\u00dfen Wert auf Sauberkeit, um Ihnen einen hygienischen Aufenthalt zu garantieren.<\/p><\/div><\/div>\n<\/div>\n\n\n\n<div class=\"wp-block-uagb-container uagb-block-45ea846b\">\n<div class=\"wp-block-uagb-info-box uagb-block-a3bfed4e uagb-infobox__content-wrap  uagb-infobox-icon-above-title uagb-infobox-image-valign-top\"><div class=\"uagb-ifb-content\"><div class=\"uagb-ifb-icon-wrap\"><div class=\"uagb-iconbox-icon-wrap uagb-infobox-shape-circle\"><svg xmlns=\"https:\/\/www.w3.org\/2000\/svg\" viewBox=\"0 0 576 512\"><path d=\"M9.372 86.63C-3.124 74.13-3.124 53.87 9.372 41.37C21.87 28.88 42.13 28.88 54.63 41.37L246.6 233.4C259.1 245.9 259.1 266.1 246.6 278.6L54.63 470.6C42.13 483.1 21.87 483.1 9.372 470.6C-3.124 458.1-3.124 437.9 9.372 425.4L178.7 256L9.372 86.63zM544 416C561.7 416 576 430.3 576 448C576 465.7 561.7 480 544 480H256C238.3 480 224 465.7 224 448C224 430.3 238.3 416 256 416H544z\"><\/path><\/svg><\/div><\/div><div class=\"uagb-ifb-title-wrap\"><h3 class=\"uagb-ifb-title\">Zufriedenheit<\/h3><\/div><p class=\"uagb-ifb-desc\">Die Zufriedenheit unserer G\u00e4ste hat f\u00fcr uns h\u00f6chste Priorit\u00e4t und motiviert uns jeden Tag.<\/p><\/div><\/div>\n<\/div>\n\n\n\n<div class=\"wp-block-uagb-container uagb-block-d490bc9c\">\n<div class=\"wp-block-uagb-info-box uagb-block-553883f4 uagb-infobox__content-wrap  uagb-infobox-icon-above-title uagb-infobox-image-valign-top\"><div class=\"uagb-ifb-content\"><div class=\"uagb-ifb-icon-wrap\"><div class=\"uagb-iconbox-icon-wrap uagb-infobox-shape-circle\"><svg xmlns=\"https:\/\/www.w3.org\/2000\/svg\" viewBox=\"0 0 576 512\"><path d=\"M256 368C256 403.7 266.6 436.9 284.9 464.6L279.4 470.3C266.4 483.2 245.5 483.2 233.5 470.3L39.71 270.5C-16.22 212.5-13.23 116.6 49.7 62.68C103.6 15.73 186.5 24.72 236.5 75.67L256.4 96.64L275.4 75.67C325.4 24.72 407.3 15.73 463.2 62.68C506.1 100.1 520.7 157.6 507 208.7C484.3 198 458.8 192 432 192C334.8 192 256 270.8 256 368zM288 368C288 288.5 352.5 224 432 224C511.5 224 576 288.5 576 368C576 447.5 511.5 512 432 512C352.5 512 288 447.5 288 368zM432 464C445.3 464 456 453.3 456 440C456 426.7 445.3 416 432 416C418.7 416 408 426.7 408 440C408 453.3 418.7 464 432 464zM415.1 288V368C415.1 376.8 423.2 384 431.1 384C440.8 384 447.1 376.8 447.1 368V288C447.1 279.2 440.8 272 431.1 272C423.2 272 415.1 279.2 415.1 288z\"><\/path><\/svg><\/div><\/div><div class=\"uagb-ifb-title-wrap\"><h3 class=\"uagb-ifb-title\">Flexibilit\u00e4t<\/h3><\/div><p class=\"uagb-ifb-desc\">Wir bieten flexible Buchungsm\u00f6glichkeiten, um Ihren Bed\u00fcrfnissen gerecht zu werden.<\/p><\/div><\/div>\n<\/div>\n\n\n\n<div class=\"wp-block-uagb-container uagb-block-f0b61ec9\">\n<div class=\"wp-block-uagb-info-box uagb-block-f26e812b uagb-infobox__content-wrap  uagb-infobox-icon-above-title uagb-infobox-image-valign-top\"><div class=\"uagb-ifb-content\"><div class=\"uagb-ifb-icon-wrap\"><div class=\"uagb-iconbox-icon-wrap uagb-infobox-shape-circle\"><svg xmlns=\"https:\/\/www.w3.org\/2000\/svg\" viewBox=\"0 0 640 512\"><path d=\"M211.2 96C211.2 131.3 182.5 160 147.2 160C111.9 160 83.2 131.3 83.2 96C83.2 60.65 111.9 32 147.2 32C182.5 32 211.2 60.65 211.2 96zM32 256C32 220.7 60.65 192 96 192H192C204.2 192 215.7 195.4 225.4 201.4C188.2 216.5 159.8 248.6 149.6 288H64C46.33 288 32 273.7 32 256V256zM415.9 200.6C425.3 195.1 436.3 192 448 192H544C579.3 192 608 220.7 608 256C608 273.7 593.7 288 576 288H493.6C483.2 247.9 453.1 215.4 415.9 200.6zM391.2 226.4C423.3 233.8 449.3 257.3 460.1 288C463.7 298 465.6 308.8 465.6 320C465.6 337.7 451.3 352 433.6 352H209.6C191.9 352 177.6 337.7 177.6 320C177.6 308.8 179.5 298 183.1 288C193.6 258.3 218.3 235.2 249.1 227.1C256.1 225.1 265.1 224 273.6 224H369.6C377 224 384.3 224.8 391.2 226.4zM563.2 96C563.2 131.3 534.5 160 499.2 160C463.9 160 435.2 131.3 435.2 96C435.2 60.65 463.9 32 499.2 32C534.5 32 563.2 60.65 563.2 96zM241.6 112C241.6 67.82 277.4 32 321.6 32C365.8 32 401.6 67.82 401.6 112C401.6 156.2 365.8 192 321.6 192C277.4 192 241.6 156.2 241.6 112zM608 416C625.7 416 640 430.3 640 448C640 465.7 625.7 480 608 480H32C14.33 480 0 465.7 0 448C0 430.3 14.33 416 32 416H608z\"><\/path><\/svg><\/div><\/div><div class=\"uagb-ifb-title-wrap\"><h3 class=\"uagb-ifb-title\">Erreichbarkeit<\/h3><\/div><p class=\"uagb-ifb-desc\">Unsere Lage erm\u00f6glicht eine einfache Anreise und kurze Wege zu den wichtigsten Zielen.<\/p><\/div><\/div>\n<\/div>\n<\/div>\n<\/div><\/div>\n\n\n\n<div class=\"wp-block-uagb-container uagb-block-e0a8409d alignfull uagb-is-root-container\"><div class=\"uagb-container-inner-blocks-wrap\"><\/div><\/div>\n","protected":false},"excerpt":{"rendered":"<p>Rufen Sie uns gerne an f\u00fcr Ihre Zimmerreservierung ! +49 1783536380 ( 8-20 Uhr erreichbar ) Oder schreiben Sie uns [&hellip;]<\/p>\n","protected":false},"author":1,"featured_media":0,"parent":0,"menu_order":0,"comment_status":"closed","ping_status":"closed","template":"","meta":{"_uag_custom_page_level_css":"","site-sidebar-layout":"default","site-content-layout":"","ast-site-content-layout":"default","site-content-style":"default","site-sidebar-style":"default","ast-global-header-display":"","ast-banner-title-visibility":"disabled","ast-main-header-display":"","ast-hfb-above-header-display":"","ast-hfb-below-header-display":"","ast-hfb-mobile-header-display":"","site-post-title":"disabled","ast-breadcrumbs-content":"","ast-featured-img":"","footer-sml-layout":"","ast-disable-related-posts":"","theme-transparent-header-meta":"default","adv-header-id-meta":"","stick-header-meta":"","header-above-stick-meta":"","header-main-stick-meta":"","header-below-stick-meta":"","astra-migrate-meta-layouts":"set","ast-page-background-enabled":"default","ast-page-background-meta":{"desktop":{"background-color":"var(--ast-global-color-4)","background-image":"","background-repeat":"repeat","background-position":"center center","background-size":"auto","background-attachment":"scroll","background-type":"","background-media":"","overlay-type":"","overlay-color":"","overlay-opacity":"","overlay-gradient":""},"tablet":{"background-color":"","background-image":"","background-repeat":"repeat","background-position":"center center","background-size":"auto","background-attachment":"scroll","background-type":"","background-media":"","overlay-type":"","overlay-color":"","overlay-opacity":"","overlay-gradient":""},"mobile":{"background-color":"","background-image":"","background-repeat":"repeat","background-position":"center center","background-size":"auto","background-attachment":"scroll","background-type":"","background-media":"","overlay-type":"","overlay-color":"","overlay-opacity":"","overlay-gradient":""}},"ast-content-background-meta":{"desktop":{"background-color":"var(--ast-global-color-5)","background-image":"","background-repeat":"repeat","background-position":"center center","background-size":"auto","background-attachment":"scroll","background-type":"","background-media":"","overlay-type":"","overlay-color":"","overlay-opacity":"","overlay-gradient":""},"tablet":{"background-color":"var(--ast-global-color-5)","background-image":"","background-repeat":"repeat","background-position":"center center","background-size":"auto","background-attachment":"scroll","background-type":"","background-media":"","overlay-type":"","overlay-color":"","overlay-opacity":"","overlay-gradient":""},"mobile":{"background-color":"var(--ast-global-color-5)","background-image":"","background-repeat":"repeat","background-position":"center center","background-size":"auto","background-attachment":"scroll","background-type":"","background-media":"","overlay-type":"","overlay-color":"","overlay-opacity":"","overlay-gradient":""}},"footnotes":""},"class_list":["post-41","page","type-page","status-publish","hentry"],"yoast_head":"<!-- This site is optimized with the Yoast SEO plugin v27.4 - https:\/\/yoast.com\/product\/yoast-seo-wordpress\/ -->\n<title>\u00dcber Uns - Monteurwohnungen Krings<\/title>\n<meta name=\"description\" content=\"Wir stellen uns vor: Besuchen Sie unsere Webseite f\u00fcr mehr Informationen \u00fcber unsere Unterk\u00fcnfte und Buchungsm\u00f6glichkeiten.\" \/>\n<meta name=\"robots\" content=\"index, follow, max-snippet:-1, max-image-preview:large, max-video-preview:-1\" \/>\n<link rel=\"canonical\" href=\"https:\/\/monteurwohnungen-krings.de\/en\/ueber-uns\/\" \/>\n<meta property=\"og:locale\" content=\"en_US\" \/>\n<meta property=\"og:type\" content=\"article\" \/>\n<meta property=\"og:title\" content=\"\u00dcber Uns - Monteurwohnungen Krings\" \/>\n<meta property=\"og:description\" content=\"Wir stellen uns vor: Besuchen Sie unsere Webseite f\u00fcr mehr Informationen \u00fcber unsere Unterk\u00fcnfte und Buchungsm\u00f6glichkeiten.\" \/>\n<meta property=\"og:url\" content=\"https:\/\/monteurwohnungen-krings.de\/en\/ueber-uns\/\" \/>\n<meta property=\"og:site_name\" content=\"Monteurwohnungen Krings\" \/>\n<meta property=\"article:publisher\" content=\"https:\/\/www.facebook.com\/FewoKrings\" \/>\n<meta property=\"article:modified_time\" content=\"2026-01-04T12:56:12+00:00\" \/>\n<meta property=\"og:image\" content=\"https:\/\/monteurwohnungen-krings.de\/wp-content\/uploads\/2025\/11\/cropped-DSC_0136-2-Bett-neu.jpg\" \/>\n<meta name=\"twitter:card\" content=\"summary_large_image\" \/>\n<meta name=\"twitter:label1\" content=\"Est. reading time\" \/>\n\t<meta name=\"twitter:data1\" content=\"1 minute\" \/>\n<script type=\"application\/ld+json\" class=\"yoast-schema-graph\">{\"@context\":\"https:\\\/\\\/schema.org\",\"@graph\":[{\"@type\":\"WebPage\",\"@id\":\"https:\\\/\\\/monteurwohnungen-krings.de\\\/ueber-uns\\\/\",\"url\":\"https:\\\/\\\/monteurwohnungen-krings.de\\\/ueber-uns\\\/\",\"name\":\"\u00dcber Uns - Monteurwohnungen Krings\",\"isPartOf\":{\"@id\":\"https:\\\/\\\/monteurwohnungen-krings.de\\\/#website\"},\"primaryImageOfPage\":{\"@id\":\"https:\\\/\\\/monteurwohnungen-krings.de\\\/ueber-uns\\\/#primaryimage\"},\"image\":{\"@id\":\"https:\\\/\\\/monteurwohnungen-krings.de\\\/ueber-uns\\\/#primaryimage\"},\"thumbnailUrl\":\"https:\\\/\\\/monteurwohnungen-krings.de\\\/wp-content\\\/uploads\\\/2025\\\/11\\\/cropped-DSC_0136-2-Bett-neu.jpg\",\"datePublished\":\"2025-11-07T18:49:49+00:00\",\"dateModified\":\"2026-01-04T12:56:12+00:00\",\"description\":\"Wir stellen uns vor: Besuchen Sie unsere Webseite f\u00fcr mehr Informationen \u00fcber unsere Unterk\u00fcnfte und Buchungsm\u00f6glichkeiten.\",\"breadcrumb\":{\"@id\":\"https:\\\/\\\/monteurwohnungen-krings.de\\\/ueber-uns\\\/#breadcrumb\"},\"inLanguage\":\"en-US\",\"potentialAction\":[{\"@type\":\"ReadAction\",\"target\":[\"https:\\\/\\\/monteurwohnungen-krings.de\\\/ueber-uns\\\/\"]}]},{\"@type\":\"ImageObject\",\"inLanguage\":\"en-US\",\"@id\":\"https:\\\/\\\/monteurwohnungen-krings.de\\\/ueber-uns\\\/#primaryimage\",\"url\":\"https:\\\/\\\/monteurwohnungen-krings.de\\\/wp-content\\\/uploads\\\/2025\\\/11\\\/cropped-DSC_0136-2-Bett-neu.jpg\",\"contentUrl\":\"https:\\\/\\\/monteurwohnungen-krings.de\\\/wp-content\\\/uploads\\\/2025\\\/11\\\/cropped-DSC_0136-2-Bett-neu.jpg\"},{\"@type\":\"BreadcrumbList\",\"@id\":\"https:\\\/\\\/monteurwohnungen-krings.de\\\/ueber-uns\\\/#breadcrumb\",\"itemListElement\":[{\"@type\":\"ListItem\",\"position\":1,\"name\":\"Startseite\",\"item\":\"https:\\\/\\\/monteurwohnungen-krings.de\\\/\"},{\"@type\":\"ListItem\",\"position\":2,\"name\":\"\u00dcber Uns\"}]},{\"@type\":\"WebSite\",\"@id\":\"https:\\\/\\\/monteurwohnungen-krings.de\\\/#website\",\"url\":\"https:\\\/\\\/monteurwohnungen-krings.de\\\/\",\"name\":\"Monteurwohnungen Krings\",\"description\":\"\",\"publisher\":{\"@id\":\"https:\\\/\\\/monteurwohnungen-krings.de\\\/#organization\"},\"alternateName\":\"MW Krings\",\"potentialAction\":[{\"@type\":\"SearchAction\",\"target\":{\"@type\":\"EntryPoint\",\"urlTemplate\":\"https:\\\/\\\/monteurwohnungen-krings.de\\\/?s={search_term_string}\"},\"query-input\":{\"@type\":\"PropertyValueSpecification\",\"valueRequired\":true,\"valueName\":\"search_term_string\"}}],\"inLanguage\":\"en-US\"},{\"@type\":\"Organization\",\"@id\":\"https:\\\/\\\/monteurwohnungen-krings.de\\\/#organization\",\"name\":\"Monteurwohnungen Krings\",\"alternateName\":\"MW Krings\",\"url\":\"https:\\\/\\\/monteurwohnungen-krings.de\\\/\",\"logo\":{\"@type\":\"ImageObject\",\"inLanguage\":\"en-US\",\"@id\":\"https:\\\/\\\/monteurwohnungen-krings.de\\\/#\\\/schema\\\/logo\\\/image\\\/\",\"url\":\"https:\\\/\\\/i0.wp.com\\\/monteurwohnungen-krings.de\\\/wp-content\\\/uploads\\\/2025\\\/11\\\/Logo-Monteurwohungen-Krings-Vorlage-Logo-freigestellt.gif?fit=1654%2C131&ssl=1\",\"contentUrl\":\"https:\\\/\\\/i0.wp.com\\\/monteurwohnungen-krings.de\\\/wp-content\\\/uploads\\\/2025\\\/11\\\/Logo-Monteurwohungen-Krings-Vorlage-Logo-freigestellt.gif?fit=1654%2C131&ssl=1\",\"width\":1654,\"height\":131,\"caption\":\"Monteurwohnungen Krings\"},\"image\":{\"@id\":\"https:\\\/\\\/monteurwohnungen-krings.de\\\/#\\\/schema\\\/logo\\\/image\\\/\"},\"sameAs\":[\"https:\\\/\\\/www.facebook.com\\\/FewoKrings\"]}]}<\/script>\n<!-- \/ Yoast SEO plugin. -->","yoast_head_json":{"title":"\u00dcber Uns - Monteurwohnungen Krings","description":"Wir stellen uns vor: Besuchen Sie unsere Webseite f\u00fcr mehr Informationen \u00fcber unsere Unterk\u00fcnfte und Buchungsm\u00f6glichkeiten.","robots":{"index":"index","follow":"follow","max-snippet":"max-snippet:-1","max-image-preview":"max-image-preview:large","max-video-preview":"max-video-preview:-1"},"canonical":"https:\/\/monteurwohnungen-krings.de\/en\/ueber-uns\/","og_locale":"en_US","og_type":"article","og_title":"\u00dcber Uns - Monteurwohnungen Krings","og_description":"Wir stellen uns vor: Besuchen Sie unsere Webseite f\u00fcr mehr Informationen \u00fcber unsere Unterk\u00fcnfte und Buchungsm\u00f6glichkeiten.","og_url":"https:\/\/monteurwohnungen-krings.de\/en\/ueber-uns\/","og_site_name":"Monteurwohnungen Krings","article_publisher":"https:\/\/www.facebook.com\/FewoKrings","article_modified_time":"2026-01-04T12:56:12+00:00","og_image":[{"url":"https:\/\/monteurwohnungen-krings.de\/wp-content\/uploads\/2025\/11\/cropped-DSC_0136-2-Bett-neu.jpg","type":"","width":"","height":""}],"twitter_card":"summary_large_image","twitter_misc":{"Est. reading time":"1 minute"},"schema":{"@context":"https:\/\/schema.org","@graph":[{"@type":"WebPage","@id":"https:\/\/monteurwohnungen-krings.de\/ueber-uns\/","url":"https:\/\/monteurwohnungen-krings.de\/ueber-uns\/","name":"\u00dcber Uns - Monteurwohnungen Krings","isPartOf":{"@id":"https:\/\/monteurwohnungen-krings.de\/#website"},"primaryImageOfPage":{"@id":"https:\/\/monteurwohnungen-krings.de\/ueber-uns\/#primaryimage"},"image":{"@id":"https:\/\/monteurwohnungen-krings.de\/ueber-uns\/#primaryimage"},"thumbnailUrl":"https:\/\/monteurwohnungen-krings.de\/wp-content\/uploads\/2025\/11\/cropped-DSC_0136-2-Bett-neu.jpg","datePublished":"2025-11-07T18:49:49+00:00","dateModified":"2026-01-04T12:56:12+00:00","description":"Wir stellen uns vor: Besuchen Sie unsere Webseite f\u00fcr mehr Informationen \u00fcber unsere Unterk\u00fcnfte und Buchungsm\u00f6glichkeiten.","breadcrumb":{"@id":"https:\/\/monteurwohnungen-krings.de\/ueber-uns\/#breadcrumb"},"inLanguage":"en-US","potentialAction":[{"@type":"ReadAction","target":["https:\/\/monteurwohnungen-krings.de\/ueber-uns\/"]}]},{"@type":"ImageObject","inLanguage":"en-US","@id":"https:\/\/monteurwohnungen-krings.de\/ueber-uns\/#primaryimage","url":"https:\/\/monteurwohnungen-krings.de\/wp-content\/uploads\/2025\/11\/cropped-DSC_0136-2-Bett-neu.jpg","contentUrl":"https:\/\/monteurwohnungen-krings.de\/wp-content\/uploads\/2025\/11\/cropped-DSC_0136-2-Bett-neu.jpg"},{"@type":"BreadcrumbList","@id":"https:\/\/monteurwohnungen-krings.de\/ueber-uns\/#breadcrumb","itemListElement":[{"@type":"ListItem","position":1,"name":"Startseite","item":"https:\/\/monteurwohnungen-krings.de\/"},{"@type":"ListItem","position":2,"name":"\u00dcber Uns"}]},{"@type":"WebSite","@id":"https:\/\/monteurwohnungen-krings.de\/#website","url":"https:\/\/monteurwohnungen-krings.de\/","name":"Monteurwohnungen Krings","description":"","publisher":{"@id":"https:\/\/monteurwohnungen-krings.de\/#organization"},"alternateName":"MW Krings","potentialAction":[{"@type":"SearchAction","target":{"@type":"EntryPoint","urlTemplate":"https:\/\/monteurwohnungen-krings.de\/?s={search_term_string}"},"query-input":{"@type":"PropertyValueSpecification","valueRequired":true,"valueName":"search_term_string"}}],"inLanguage":"en-US"},{"@type":"Organization","@id":"https:\/\/monteurwohnungen-krings.de\/#organization","name":"Monteurwohnungen Krings","alternateName":"MW Krings","url":"https:\/\/monteurwohnungen-krings.de\/","logo":{"@type":"ImageObject","inLanguage":"en-US","@id":"https:\/\/monteurwohnungen-krings.de\/#\/schema\/logo\/image\/","url":"https:\/\/i0.wp.com\/monteurwohnungen-krings.de\/wp-content\/uploads\/2025\/11\/Logo-Monteurwohungen-Krings-Vorlage-Logo-freigestellt.gif?fit=1654%2C131&ssl=1","contentUrl":"https:\/\/i0.wp.com\/monteurwohnungen-krings.de\/wp-content\/uploads\/2025\/11\/Logo-Monteurwohungen-Krings-Vorlage-Logo-freigestellt.gif?fit=1654%2C131&ssl=1","width":1654,"height":131,"caption":"Monteurwohnungen Krings"},"image":{"@id":"https:\/\/monteurwohnungen-krings.de\/#\/schema\/logo\/image\/"},"sameAs":["https:\/\/www.facebook.com\/FewoKrings"]}]}},"uagb_featured_image_src":{"full":false,"thumbnail":false,"medium":false,"medium_large":false,"large":false,"1536x1536":false,"2048x2048":false,"trp-custom-language-flag":false},"uagb_author_info":{"display_name":"Claudia","author_link":"https:\/\/monteurwohnungen-krings.de\/en\/author\/claudia\/"},"uagb_comment_info":0,"uagb_excerpt":"Rufen Sie uns gerne an f\u00fcr Ihre Zimmerreservierung ! +49 1783536380 ( 8-20 Uhr erreichbar ) Oder schreiben Sie uns [&hellip;]","jetpack_sharing_enabled":true,"_links":{"self":[{"href":"https:\/\/monteurwohnungen-krings.de\/en\/wp-json\/wp\/v2\/pages\/41","targetHints":{"allow":["GET"]}}],"collection":[{"href":"https:\/\/monteurwohnungen-krings.de\/en\/wp-json\/wp\/v2\/pages"}],"about":[{"href":"https:\/\/monteurwohnungen-krings.de\/en\/wp-json\/wp\/v2\/types\/page"}],"author":[{"embeddable":true,"href":"https:\/\/monteurwohnungen-krings.de\/en\/wp-json\/wp\/v2\/users\/1"}],"replies":[{"embeddable":true,"href":"https:\/\/monteurwohnungen-krings.de\/en\/wp-json\/wp\/v2\/comments?post=41"}],"version-history":[{"count":15,"href":"https:\/\/monteurwohnungen-krings.de\/en\/wp-json\/wp\/v2\/pages\/41\/revisions"}],"predecessor-version":[{"id":1348,"href":"https:\/\/monteurwohnungen-krings.de\/en\/wp-json\/wp\/v2\/pages\/41\/revisions\/1348"}],"wp:attachment":[{"href":"https:\/\/monteurwohnungen-krings.de\/en\/wp-json\/wp\/v2\/media?parent=41"}],"curies":[{"name":"wp","href":"https:\/\/api.w.org\/{rel}","templated":true}]}}